{"id":14754,"date":"2023-06-19T18:25:40","date_gmt":"2023-06-19T18:25:40","guid":{"rendered":"https:\/\/fur.furhome.gr\/?page_id=14754"},"modified":"2025-05-27T09:49:54","modified_gmt":"2025-05-27T09:49:54","slug":"asfaleis-synallages","status":"publish","type":"page","link":"https:\/\/www.furhome.gr\/de\/secure-payment\/","title":{"rendered":"Sichere Transaktionen"},"content":{"rendered":"<div data-elementor-type=\"wp-page\" data-elementor-id=\"14754\" class=\"elementor elementor-14754\" data-elementor-post-type=\"page\">\n\t\t\t\t\t\t<section class=\"elementor-section elementor-top-section elementor-element elementor-element-f008da2 elementor-section-boxed elementor-section-height-default elementor-section-height-default\" data-id=\"f008da2\" data-element_type=\"section\" data-e-type=\"section\">\r\n\t\t\t\t\t\t<div class=\"elementor-container elementor-column-gap-thegem\"><div class=\"elementor-row\">\r\n\t\t\t\t\t<div class=\"elementor-column elementor-col-100 elementor-top-column elementor-element elementor-element-9eb772f\" data-id=\"9eb772f\" data-element_type=\"column\" data-e-type=\"column\">\n\t\t\t<div class=\"elementor-widget-wrap elementor-element-populated\">\n\t\t\t\t\t\t<div class=\"elementor-element elementor-element-5377056 flex-horizontal-align-default flex-horizontal-align-tablet-default flex-horizontal-align-mobile-default flex-vertical-align-default flex-vertical-align-tablet-default flex-vertical-align-mobile-default elementor-widget elementor-widget-heading\" data-id=\"5377056\" data-element_type=\"widget\" data-e-type=\"widget\" data-widget_type=\"heading.default\">\n\t\t\t\t<div class=\"elementor-widget-container\">\n\t\t\t\t\t<h2 class=\"elementor-heading-title elementor-size-default\">Sichere Bezahlung<\/h2>\t\t\t\t<\/div>\n\t\t\t\t<\/div>\n\t\t\t\t\t<\/div>\n\t\t<\/div>\n\t\t\t\t\t<\/div><\/div>\r\n\t\t<\/section>\r\n\t\t\t\t<section class=\"elementor-section elementor-top-section elementor-element elementor-element-7cf4173 elementor-section-boxed elementor-section-height-default elementor-section-height-default\" data-id=\"7cf4173\" data-element_type=\"section\" data-e-type=\"section\">\r\n\t\t\t\t\t\t<div class=\"elementor-container elementor-column-gap-thegem\"><div class=\"elementor-row\">\r\n\t\t\t\t\t<div class=\"elementor-column elementor-col-100 elementor-top-column elementor-element elementor-element-634bebb\" data-id=\"634bebb\" data-element_type=\"column\" data-e-type=\"column\">\n\t\t\t<div class=\"elementor-widget-wrap elementor-element-populated\">\n\t\t\t\t\t\t<div class=\"elementor-element elementor-element-66e1ce5 flex-horizontal-align-default flex-horizontal-align-tablet-default flex-horizontal-align-mobile-default flex-vertical-align-default flex-vertical-align-tablet-default flex-vertical-align-mobile-default elementor-widget elementor-widget-heading\" data-id=\"66e1ce5\" data-element_type=\"widget\" data-e-type=\"widget\" data-widget_type=\"heading.default\">\n\t\t\t\t<div class=\"elementor-widget-container\">\n\t\t\t\t\t<h2 class=\"elementor-heading-title elementor-size-default\">Zahlungsarten<\/h2>\t\t\t\t<\/div>\n\t\t\t\t<\/div>\n\t\t\t\t\t<\/div>\n\t\t<\/div>\n\t\t\t\t\t<\/div><\/div>\r\n\t\t<\/section>\r\n\t\t\t\t<section class=\"elementor-section elementor-top-section elementor-element elementor-element-17393d8 elementor-section-boxed elementor-section-height-default elementor-section-height-default\" data-id=\"17393d8\" data-element_type=\"section\" data-e-type=\"section\">\r\n\t\t\t\t\t\t<div class=\"elementor-container elementor-column-gap-thegem\"><div class=\"elementor-row\">\r\n\t\t\t\t\t<div class=\"elementor-column elementor-col-100 elementor-top-column elementor-element elementor-element-7e2cfec\" data-id=\"7e2cfec\" data-element_type=\"column\" data-e-type=\"column\">\n\t\t\t<div class=\"elementor-widget-wrap elementor-element-populated\">\n\t\t\t\t\t\t<div class=\"elementor-element elementor-element-10c21b9 flex-horizontal-align-default flex-horizontal-align-tablet-default flex-horizontal-align-mobile-default flex-vertical-align-default flex-vertical-align-tablet-default flex-vertical-align-mobile-default elementor-widget elementor-widget-text-editor\" data-id=\"10c21b9\" data-element_type=\"widget\" data-e-type=\"widget\" data-widget_type=\"text-editor.default\">\n\t\t\t\t<div class=\"elementor-widget-container\">\n\t\t\t\t\t\t\t\t\t\t\t\t<div class=\"elementor-text-editor elementor-clearfix\">\r\n\t\t\t\t\t\t<ul><li>Kreditkarte<\/li><li>Paypal<\/li><li>Vorzeitige \u00dcberweisung<\/li><li>Nachnahme - COD (gilt nur f\u00fcr das griechische Hoheitsgebiet)<\/li><li>Direkte Abholung<\/li><\/ul><p><strong>Zahlung per Kreditkarte<\/strong><\/p><p>Bei FUR HOME nehmen wir die Sicherheit und den Seelenfrieden unserer Kunden sehr ernst. Mit einem f\u00fchrenden Anbieter von Online-Transaktionen wie Viva Wallet k\u00f6nnen Sie risikofrei einkaufen.<\/p><p>Die Zahlung erfolgt auf den sicheren Servern des Verarbeiters, gesch\u00fctzt durch das SSL-Protokoll (Secure Socket Layer). Ihre Kreditkarteninformationen werden ausschlie\u00dflich \u00fcber den Viva Wallet-Server verarbeitet.<\/p><p>Unter keinen Umst\u00e4nden haben FUR HOME oder andere Parteien Zugriff auf Ihre Codes. FUR HOME erh\u00e4lt von der Bank lediglich die Autorisierung und Genehmigung der Transaktion.<\/p><p>Die Sicherheit von Viva Wallet wird von den beiden gro\u00dfen Kreditkartenunternehmen Visa und Master Card zertifiziert, die die Zahlungssysteme gem\u00e4\u00df den Standards \u201eVerified by VISA\u201c bzw. \u201eMaster Card Secure Code\u201c zugelassen haben.<\/p><p><strong>Zahlung mit Paypal<\/strong><\/p><p>Mit dieser Methode k\u00f6nnen Sie Ihr Prepaid-Paypal-Konto nutzen und die Zahlung einfach durch Eingabe Ihrer E-Mail-Adresse und Ihres Passworts ausf\u00fchren (ein Paypal-Konto ist erforderlich).<\/p><p>Genau wie bei Kreditkartentransaktionen werden Ihre Daten von FUR HOME nicht an Dritte weitergegeben, sondern ausschlie\u00dflich auf Paypal-Servern abgewickelt.<\/p><p><strong>Zahlung per \u00dcberweisung<\/strong><\/p><p>Wenn Sie mit Kreditkartenzahlungen nicht vertraut sind, bietet Ihnen Fur Home die M\u00f6glichkeit, per \u00dcberweisung zu bezahlen. In diesem Fall k\u00f6nnen Sie Ihre Produkte online bestellen und die Zahlung anschlie\u00dfend in der Filiale Ihrer Bank vor Ort durchf\u00fchren.<\/p><p>In diesem Fall senden wir Ihnen eine Proforma-Rechnung mit allen notwendigen Angaben.<\/p><p>Der Gesamtbetrag muss innerhalb von 5 Tagen bezahlt werden, andernfalls wird Ihre Bestellung verworfen. Geben Sie beim Bezahlen immer Ihre Bestellnummer an. Wir versenden die Produkte, sobald Ihre Zahlung eingegangen ist.<\/p><p><strong>ZAHLUNG PER DEBITKARTE \u00dcBER VIVA WALLET<\/strong><\/p><p>Die Einzelheiten zur \u00dcberweisung lauten wie folgt:<\/p><div id=\"eurobank\"><strong>EUROBANK,<\/strong><br \/>ZWEIGSTELLE KASTORIA -197- ,<br \/>KIKNON AVENUE 4 ,52100 KASTORIA,<br \/>SCHNELL : ERBKGRAAXXXX<br \/>BEG\u00dcNSTIGTER : KATSANOS NIKOLAOS<br \/>KONTO : 0026.0197.82.0200434305 EURO<br \/>IBAN : GR0802601970000820200434305<\/div><div>\u00a0<\/div><div id=\"alphabank2\"><strong>ALPHA-BANK<\/strong><br \/>ZWEIGSTELLE KASTORIA - 850 -<br \/>11 NOEMBRIOU STR. 9, 52100 KASTORIA<br \/>SCHNELL: CRBAGRAAXXX<br \/>BEG\u00dcNSTIGTER : KATSANOS NIKOLAOS<br \/>KONTO: 850 00 2320 000970 EURO<br \/>IBAN : GR36 0140 8500 8500 0232 0000970<\/div><div id=\"pireos2\"><p><strong>BANK VON PIRAEUS<\/strong><strong>IBAN: GR 7801712360006236154344492<\/strong><\/p><p><strong>BEG\u00dcNSTIGTER KACHANOS NICOLAOS\u00a0<\/strong><\/p><p>Interbank\u00fcberweisungen dauern in der Regel 1 bis 2 Werktage, \u00dcberweisungen zwischen Konten derselben Bank erfolgen in der Regel sofort.<\/p><\/div><p><strong>MIT R\u00dcCKERSTATTUNG (GILT NUR F\u00dcR GRIECHENLAND) BETR\u00c4GE BIS ZU 300 EURO.<\/strong><\/p><p>Wenn Sie lieber per Nachnahme bezahlen m\u00f6chten, w\u00e4hlen Sie die Option Nachnahme. Wenn Sie die Ware erhalten, bezahlen Sie das Paket beim Kurierunternehmen, ohne dass Ihnen Nachnahmegeb\u00fchren berechnet werden.<\/p><p><strong>KOLLEKTION IN UNSEREN GESCH\u00c4FTEN<\/strong><\/p><div class=\"row\"><div class=\"col-md-12\"><p>Nat\u00fcrlich k\u00f6nnen Sie Ihre Produkte auch in unseren Filialen abholen. Setzen Sie sich mit unserem Unternehmen in Verbindung und vereinbaren Sie einen Termin f\u00fcr die Abholung.<\/p><p>\u00a0<\/p><\/div><\/div>\t\t\t\t\t\t\t<\/div>\r\n\t\t\t\t\t\t\t\t\t\t<\/div>\n\t\t\t\t<\/div>\n\t\t\t\t<div class=\"elementor-element elementor-element-4b84f9d flex-horizontal-align-default flex-horizontal-align-tablet-default flex-horizontal-align-mobile-default flex-vertical-align-default flex-vertical-align-tablet-default flex-vertical-align-mobile-default elementor-widget elementor-widget-html\" data-id=\"4b84f9d\" data-element_type=\"widget\" data-e-type=\"widget\" data-widget_type=\"html.default\">\n\t\t\t\t<div class=\"elementor-widget-container\">\n\t\t\t\t\t<script>\r\njQuery(document).ready(function($) {\r\n    \/\/ Check if the currency is set to USD\r\n    if($('.woocommerce-Price-currencySymbol').text() === 'USD') {\r\n        \/\/ Hide the element with the ID \"alphabank\"\r\n        $('#alphabank').hide();\r\n    }\r\n});\r\n\r\n<\/script>\r\n\t\t\t\t<\/div>\n\t\t\t\t<\/div>\n\t\t\t\t\t<\/div>\n\t\t<\/div>\n\t\t\t\t\t<\/div><\/div>\r\n\t\t<\/section>\r\n\t\t\t\t<\/div>","protected":false},"excerpt":{"rendered":"<p>VERSICHERTE ZAHLUNGEN Zahlungsarten Kreditkarte Paypal Vorkasse \u00dcberweisung Nachnahme (gilt nur f\u00fcr griechisches Gebiet)...<\/p>","protected":false},"author":1,"featured_media":0,"parent":0,"menu_order":0,"comment_status":"closed","ping_status":"closed","template":"page-fullwidth.php","meta":{"footnotes":""},"class_list":["post-14754","page","type-page","status-publish"],"acf":[],"yoast_head":"<!-- This site is optimized with the Yoast SEO plugin v27.2 - https:\/\/yoast.com\/product\/yoast-seo-wordpress\/ -->\n<title>\u0391\u03c3\u03c6\u03b1\u03bb\u03b5\u03b9\u03c2 \u03a3\u03c5\u03bd\u03b1\u03bb\u03bb\u03b1\u03b3\u03b5\u03c2 - FUR HOME<\/title>\n<meta name=\"description\" content=\"\u0395\u03af\u03c3\u03b1\u03b9 \u03c3\u03c7\u03b5\u03b4\u03b9\u03b1\u03c3\u03c4\u03ae\u03c2, \u03b4\u03b9\u03b1\u03ba\u03bf\u03c3\u03bc\u03b7\u03c4\u03ae\u03c2 \u03ae \u03b1\u03c1\u03c7\u03b9\u03c4\u03ad\u03ba\u03c4\u03c9\u03bd; \u0397 FUR HOME \u03c3\u03b1\u03c2 \u03c0\u03c1\u03bf\u03c3\u03c6\u03ad\u03c1\u03b5\u03b9 \u03b4\u03c5\u03bd\u03b1\u03c4\u03cc\u03c4\u03b7\u03c4\u03b5\u03c2 \u03c3\u03c5\u03bd\u03b5\u03c1\u03b3\u03b1\u03c3\u03af\u03b1\u03c2 \u03bc\u03ad\u03c3\u03b1 \u03b1\u03c0\u03cc \u03ba\u03b1\u03bd\u03ac\u03bb\u03b9\u03b1 \u03c7\u03bf\u03bd\u03b4\u03c1\u03b9\u03ba\u03ae\u03c2 \u03c0\u03ce\u03bb\u03b7\u03c3\u03b7\u03c2.\" \/>\n<meta name=\"robots\" content=\"index, follow, max-snippet:-1, max-image-preview:large, max-video-preview:-1\" \/>\n<link rel=\"canonical\" href=\"https:\/\/www.furhome.gr\/de\/secure-payment\/\" \/>\n<meta property=\"og:locale\" content=\"de_DE\" \/>\n<meta property=\"og:type\" content=\"article\" \/>\n<meta property=\"og:title\" content=\"\u0391\u03c3\u03c6\u03b1\u03bb\u03b5\u03b9\u03c2 \u03a3\u03c5\u03bd\u03b1\u03bb\u03bb\u03b1\u03b3\u03b5\u03c2 - FUR HOME\" \/>\n<meta property=\"og:description\" content=\"\u0395\u03af\u03c3\u03b1\u03b9 \u03c3\u03c7\u03b5\u03b4\u03b9\u03b1\u03c3\u03c4\u03ae\u03c2, \u03b4\u03b9\u03b1\u03ba\u03bf\u03c3\u03bc\u03b7\u03c4\u03ae\u03c2 \u03ae \u03b1\u03c1\u03c7\u03b9\u03c4\u03ad\u03ba\u03c4\u03c9\u03bd; \u0397 FUR HOME \u03c3\u03b1\u03c2 \u03c0\u03c1\u03bf\u03c3\u03c6\u03ad\u03c1\u03b5\u03b9 \u03b4\u03c5\u03bd\u03b1\u03c4\u03cc\u03c4\u03b7\u03c4\u03b5\u03c2 \u03c3\u03c5\u03bd\u03b5\u03c1\u03b3\u03b1\u03c3\u03af\u03b1\u03c2 \u03bc\u03ad\u03c3\u03b1 \u03b1\u03c0\u03cc \u03ba\u03b1\u03bd\u03ac\u03bb\u03b9\u03b1 \u03c7\u03bf\u03bd\u03b4\u03c1\u03b9\u03ba\u03ae\u03c2 \u03c0\u03ce\u03bb\u03b7\u03c3\u03b7\u03c2.\" \/>\n<meta property=\"og:url\" content=\"https:\/\/www.furhome.gr\/de\/secure-payment\/\" \/>\n<meta property=\"og:site_name\" content=\"FUR HOME\" \/>\n<meta property=\"article:modified_time\" content=\"2025-05-27T09:49:54+00:00\" \/>\n<meta name=\"twitter:card\" content=\"summary_large_image\" \/>\n<meta name=\"twitter:label1\" content=\"Gesch\u00e4tzte Lesezeit\" \/>\n\t<meta name=\"twitter:data1\" content=\"3\u00a0Minuten\" \/>\n<script type=\"application\/ld+json\" class=\"yoast-schema-graph\">{\"@context\":\"https:\/\/schema.org\",\"@graph\":[{\"@type\":\"WebPage\",\"@id\":\"https:\/\/www.furhome.gr\/asfaleis-synallages\/\",\"url\":\"https:\/\/www.furhome.gr\/asfaleis-synallages\/\",\"name\":\"\u0391\u03c3\u03c6\u03b1\u03bb\u03b5\u03b9\u03c2 \u03a3\u03c5\u03bd\u03b1\u03bb\u03bb\u03b1\u03b3\u03b5\u03c2 - FUR HOME\",\"isPartOf\":{\"@id\":\"https:\/\/www.furhome.gr\/#website\"},\"datePublished\":\"2023-06-19T18:25:40+00:00\",\"dateModified\":\"2025-05-27T09:49:54+00:00\",\"description\":\"\u0395\u03af\u03c3\u03b1\u03b9 \u03c3\u03c7\u03b5\u03b4\u03b9\u03b1\u03c3\u03c4\u03ae\u03c2, \u03b4\u03b9\u03b1\u03ba\u03bf\u03c3\u03bc\u03b7\u03c4\u03ae\u03c2 \u03ae \u03b1\u03c1\u03c7\u03b9\u03c4\u03ad\u03ba\u03c4\u03c9\u03bd; \u0397 FUR HOME \u03c3\u03b1\u03c2 \u03c0\u03c1\u03bf\u03c3\u03c6\u03ad\u03c1\u03b5\u03b9 \u03b4\u03c5\u03bd\u03b1\u03c4\u03cc\u03c4\u03b7\u03c4\u03b5\u03c2 \u03c3\u03c5\u03bd\u03b5\u03c1\u03b3\u03b1\u03c3\u03af\u03b1\u03c2 \u03bc\u03ad\u03c3\u03b1 \u03b1\u03c0\u03cc \u03ba\u03b1\u03bd\u03ac\u03bb\u03b9\u03b1 \u03c7\u03bf\u03bd\u03b4\u03c1\u03b9\u03ba\u03ae\u03c2 \u03c0\u03ce\u03bb\u03b7\u03c3\u03b7\u03c2.\",\"breadcrumb\":{\"@id\":\"https:\/\/www.furhome.gr\/asfaleis-synallages\/#breadcrumb\"},\"inLanguage\":\"de\",\"potentialAction\":[{\"@type\":\"ReadAction\",\"target\":[\"https:\/\/www.furhome.gr\/asfaleis-synallages\/\"]}]},{\"@type\":\"BreadcrumbList\",\"@id\":\"https:\/\/www.furhome.gr\/asfaleis-synallages\/#breadcrumb\",\"itemListElement\":[{\"@type\":\"ListItem\",\"position\":1,\"name\":\"Home\",\"item\":\"https:\/\/www.furhome.gr\/\"},{\"@type\":\"ListItem\",\"position\":2,\"name\":\"\u0391\u03c3\u03c6\u03b1\u03bb\u03b5\u03b9\u03c2 \u03a3\u03c5\u03bd\u03b1\u03bb\u03bb\u03b1\u03b3\u03b5\u03c2\"}]},{\"@type\":\"WebSite\",\"@id\":\"https:\/\/www.furhome.gr\/#website\",\"url\":\"https:\/\/www.furhome.gr\/\",\"name\":\"FUR HOME\",\"description\":\"\u0391\u03b3\u03bf\u03c1\u03ac\u03c3\u03c4\u03b5 \u0394\u03b5\u03c1\u03bc\u03ac\u03c4\u03b9\u03bd\u03b1 &amp; \u0393\u03bf\u03cd\u03bd\u03b9\u03bd\u03b1 \u03c7\u03b1\u03bb\u03b9\u03ac \u03b1\u03c0\u03cc \u03c4\u03b7\u03bd \u039a\u03b1\u03c3\u03c4\u03bf\u03c1\u03b9\u03ac\",\"publisher\":{\"@id\":\"https:\/\/www.furhome.gr\/#organization\"},\"potentialAction\":[{\"@type\":\"SearchAction\",\"target\":{\"@type\":\"EntryPoint\",\"urlTemplate\":\"https:\/\/www.furhome.gr\/?s={search_term_string}\"},\"query-input\":{\"@type\":\"PropertyValueSpecification\",\"valueRequired\":true,\"valueName\":\"search_term_string\"}}],\"inLanguage\":\"de\"},{\"@type\":\"Organization\",\"@id\":\"https:\/\/www.furhome.gr\/#organization\",\"name\":\"FUR HOME\",\"url\":\"https:\/\/www.furhome.gr\/\",\"logo\":{\"@type\":\"ImageObject\",\"inLanguage\":\"de\",\"@id\":\"https:\/\/www.furhome.gr\/#\/schema\/logo\/image\/\",\"url\":\"https:\/\/www.furhome.gr\/wp-content\/uploads\/2023\/06\/furhome-logo.jpg\",\"contentUrl\":\"https:\/\/www.furhome.gr\/wp-content\/uploads\/2023\/06\/furhome-logo.jpg\",\"width\":286,\"height\":99,\"caption\":\"FUR HOME\"},\"image\":{\"@id\":\"https:\/\/www.furhome.gr\/#\/schema\/logo\/image\/\"}}]}<\/script>\n<!-- \/ Yoast SEO plugin. -->","yoast_head_json":{"title":"Sichere Bezahlung","description":"Sind Sie ein Designer, Dekorateur oder Architekt? FUR HOME bietet Ihnen M\u00f6glichkeiten der Zusammenarbeit \u00fcber Gro\u00dfhandelskan\u00e4le.","robots":{"index":"index","follow":"follow","max-snippet":"max-snippet:-1","max-image-preview":"max-image-preview:large","max-video-preview":"max-video-preview:-1"},"canonical":"https:\/\/www.furhome.gr\/de\/secure-payment\/","og_locale":"de_DE","og_type":"article","og_title":"\u0391\u03c3\u03c6\u03b1\u03bb\u03b5\u03b9\u03c2 \u03a3\u03c5\u03bd\u03b1\u03bb\u03bb\u03b1\u03b3\u03b5\u03c2 - FUR HOME","og_description":"\u0395\u03af\u03c3\u03b1\u03b9 \u03c3\u03c7\u03b5\u03b4\u03b9\u03b1\u03c3\u03c4\u03ae\u03c2, \u03b4\u03b9\u03b1\u03ba\u03bf\u03c3\u03bc\u03b7\u03c4\u03ae\u03c2 \u03ae \u03b1\u03c1\u03c7\u03b9\u03c4\u03ad\u03ba\u03c4\u03c9\u03bd; \u0397 FUR HOME \u03c3\u03b1\u03c2 \u03c0\u03c1\u03bf\u03c3\u03c6\u03ad\u03c1\u03b5\u03b9 \u03b4\u03c5\u03bd\u03b1\u03c4\u03cc\u03c4\u03b7\u03c4\u03b5\u03c2 \u03c3\u03c5\u03bd\u03b5\u03c1\u03b3\u03b1\u03c3\u03af\u03b1\u03c2 \u03bc\u03ad\u03c3\u03b1 \u03b1\u03c0\u03cc \u03ba\u03b1\u03bd\u03ac\u03bb\u03b9\u03b1 \u03c7\u03bf\u03bd\u03b4\u03c1\u03b9\u03ba\u03ae\u03c2 \u03c0\u03ce\u03bb\u03b7\u03c3\u03b7\u03c2.","og_url":"https:\/\/www.furhome.gr\/de\/secure-payment\/","og_site_name":"FUR HOME","article_modified_time":"2025-05-27T09:49:54+00:00","twitter_card":"summary_large_image","twitter_misc":{"Gesch\u00e4tzte Lesezeit":"3\u00a0Minuten"},"schema":{"@context":"https:\/\/schema.org","@graph":[{"@type":"WebPage","@id":"https:\/\/www.furhome.gr\/asfaleis-synallages\/","url":"https:\/\/www.furhome.gr\/asfaleis-synallages\/","name":"Sichere Bezahlung","isPartOf":{"@id":"https:\/\/www.furhome.gr\/#website"},"datePublished":"2023-06-19T18:25:40+00:00","dateModified":"2025-05-27T09:49:54+00:00","description":"Sind Sie ein Designer, Dekorateur oder Architekt? FUR HOME bietet Ihnen M\u00f6glichkeiten der Zusammenarbeit \u00fcber Gro\u00dfhandelskan\u00e4le.","breadcrumb":{"@id":"https:\/\/www.furhome.gr\/asfaleis-synallages\/#breadcrumb"},"inLanguage":"de","potentialAction":[{"@type":"ReadAction","target":["https:\/\/www.furhome.gr\/asfaleis-synallages\/"]}]},{"@type":"BreadcrumbList","@id":"https:\/\/www.furhome.gr\/asfaleis-synallages\/#breadcrumb","itemListElement":[{"@type":"ListItem","position":1,"name":"Home","item":"https:\/\/www.furhome.gr\/"},{"@type":"ListItem","position":2,"name":"\u0391\u03c3\u03c6\u03b1\u03bb\u03b5\u03b9\u03c2 \u03a3\u03c5\u03bd\u03b1\u03bb\u03bb\u03b1\u03b3\u03b5\u03c2"}]},{"@type":"WebSite","@id":"https:\/\/www.furhome.gr\/#website","url":"https:\/\/www.furhome.gr\/","name":"FUR HOME","description":"Leder- und Pelzteppiche von Kastoria kaufen","publisher":{"@id":"https:\/\/www.furhome.gr\/#organization"},"potentialAction":[{"@type":"SearchAction","target":{"@type":"EntryPoint","urlTemplate":"https:\/\/www.furhome.gr\/?s={search_term_string}"},"query-input":{"@type":"PropertyValueSpecification","valueRequired":true,"valueName":"search_term_string"}}],"inLanguage":"de"},{"@type":"Organization","@id":"https:\/\/www.furhome.gr\/#organization","name":"FUR HOME","url":"https:\/\/www.furhome.gr\/","logo":{"@type":"ImageObject","inLanguage":"de","@id":"https:\/\/www.furhome.gr\/#\/schema\/logo\/image\/","url":"https:\/\/www.furhome.gr\/wp-content\/uploads\/2023\/06\/furhome-logo.jpg","contentUrl":"https:\/\/www.furhome.gr\/wp-content\/uploads\/2023\/06\/furhome-logo.jpg","width":286,"height":99,"caption":"FUR HOME"},"image":{"@id":"https:\/\/www.furhome.gr\/#\/schema\/logo\/image\/"}}]}},"_links":{"self":[{"href":"https:\/\/www.furhome.gr\/de\/wp-json\/wp\/v2\/pages\/14754","targetHints":{"allow":["GET"]}}],"collection":[{"href":"https:\/\/www.furhome.gr\/de\/wp-json\/wp\/v2\/pages"}],"about":[{"href":"https:\/\/www.furhome.gr\/de\/wp-json\/wp\/v2\/types\/page"}],"author":[{"embeddable":true,"href":"https:\/\/www.furhome.gr\/de\/wp-json\/wp\/v2\/users\/1"}],"replies":[{"embeddable":true,"href":"https:\/\/www.furhome.gr\/de\/wp-json\/wp\/v2\/comments?post=14754"}],"version-history":[{"count":0,"href":"https:\/\/www.furhome.gr\/de\/wp-json\/wp\/v2\/pages\/14754\/revisions"}],"wp:attachment":[{"href":"https:\/\/www.furhome.gr\/de\/wp-json\/wp\/v2\/media?parent=14754"}],"curies":[{"name":"wp","href":"https:\/\/api.w.org\/{rel}","templated":true}]}}