{"id":14806,"date":"2023-06-27T13:12:55","date_gmt":"2023-06-27T13:12:55","guid":{"rendered":"https:\/\/fur.furhome.gr\/?page_id=14806"},"modified":"2023-06-28T11:55:38","modified_gmt":"2023-06-28T11:55:38","slug":"warranty","status":"publish","type":"page","link":"https:\/\/www.furhome.gr\/de\/garantie\/","title":{"rendered":"B\u00fcrgschaft"},"content":{"rendered":"<div data-elementor-type=\"wp-page\" data-elementor-id=\"14806\" class=\"elementor elementor-14806\" data-elementor-post-type=\"page\">\n\t\t\t\t\t\t<section class=\"elementor-section elementor-top-section elementor-element elementor-element-f008da2 elementor-section-boxed elementor-section-height-default elementor-section-height-default\" data-id=\"f008da2\" data-element_type=\"section\" data-e-type=\"section\">\r\n\t\t\t\t\t\t<div class=\"elementor-container elementor-column-gap-thegem\"><div class=\"elementor-row\">\r\n\t\t\t\t\t<div class=\"elementor-column elementor-col-100 elementor-top-column elementor-element elementor-element-9eb772f\" data-id=\"9eb772f\" data-element_type=\"column\" data-e-type=\"column\">\n\t\t\t<div class=\"elementor-widget-wrap elementor-element-populated\">\n\t\t\t\t\t\t<div class=\"elementor-element elementor-element-5377056 flex-horizontal-align-default flex-horizontal-align-tablet-default flex-horizontal-align-mobile-default flex-vertical-align-default flex-vertical-align-tablet-default flex-vertical-align-mobile-default elementor-widget elementor-widget-heading\" data-id=\"5377056\" data-element_type=\"widget\" data-e-type=\"widget\" data-widget_type=\"heading.default\">\n\t\t\t\t<div class=\"elementor-widget-container\">\n\t\t\t\t\t<h2 class=\"elementor-heading-title elementor-size-default\">Garantie<\/h2>\t\t\t\t<\/div>\n\t\t\t\t<\/div>\n\t\t\t\t\t<\/div>\n\t\t<\/div>\n\t\t\t\t\t<\/div><\/div>\r\n\t\t<\/section>\r\n\t\t\t\t<section class=\"elementor-section elementor-top-section elementor-element elementor-element-7cf4173 elementor-section-boxed elementor-section-height-default elementor-section-height-default\" data-id=\"7cf4173\" data-element_type=\"section\" data-e-type=\"section\">\r\n\t\t\t\t\t\t<div class=\"elementor-container elementor-column-gap-thegem\"><div class=\"elementor-row\">\r\n\t\t\t\t\t<div class=\"elementor-column elementor-col-100 elementor-top-column elementor-element elementor-element-634bebb\" data-id=\"634bebb\" data-element_type=\"column\" data-e-type=\"column\">\n\t\t\t<div class=\"elementor-widget-wrap elementor-element-populated\">\n\t\t\t\t\t\t<div class=\"elementor-element elementor-element-b0de691 flex-horizontal-align-default flex-horizontal-align-tablet-default flex-horizontal-align-mobile-default flex-vertical-align-default flex-vertical-align-tablet-default flex-vertical-align-mobile-default elementor-widget elementor-widget-text-editor\" data-id=\"b0de691\" data-element_type=\"widget\" data-e-type=\"widget\" data-widget_type=\"text-editor.default\">\n\t\t\t\t<div class=\"elementor-widget-container\">\n\t\t\t\t\t\t\t\t\t\t\t\t<div class=\"elementor-text-editor elementor-clearfix\">\r\n\t\t\t\t\t\t<p>Auf alle unsere Produkte gibt es eine Garantie. Die Garantie gilt f\u00fcr ein Jahr ab dem Datum, an dem Sie Ihr Produkt erhalten.<\/p><p>Wenn der Kunde sich auf die Garantie beruft und zu dem Schluss kommt, dass der Schaden auf unsachgem\u00e4\u00dfe Handhabung zur\u00fcckzuf\u00fchren ist, ist er verpflichtet, die Kosten f\u00fcr etwaige Reparaturen zu tragen. Unser Fachpersonal ermittelt zun\u00e4chst die Schadensursache. In jedem Fall tr\u00e4gt der Kunde s\u00e4mtliche Versand- und Empfangskosten im Falle von Reparaturen oder \u00c4nderungen.<\/p><p>Um diese gesetzlichen Rechte auszu\u00fcben, sollte der K\u00e4ufer den Kundendienst kontaktieren und ihm mitteilen, dass er die Garantie in Anspruch nehmen m\u00f6chte. Er wird dann den Anweisungen von FUR HOME folgen.<\/p><p>Sie k\u00f6nnen alle bei uns gekauften Produkte innerhalb von 7 Tagen zur\u00fcckgeben, wenn Sie nicht zufrieden sind, und erhalten Ihr Geld zur\u00fcck. Die Produkte m\u00fcssen genau so verpackt werden, wie Sie sie erhalten haben und sofern sie nicht verwendet wurden. Produktr\u00fccksendungen werden nur f\u00fcr Lieferungen innerhalb der EU akzeptiert. F\u00fcr Unternehmer gilt die R\u00fcckgabe nicht.<\/p><p>Sie haben das Recht, die von Ihnen gekauften Produkte umzutauschen, wenn Sie mit Ihrem Kauf nicht zufrieden sind. Bitte kontaktieren Sie unseren Kundenservice und wir werden Sie bei Ihrer \u00c4nderung unterst\u00fctzen. Die Produkte m\u00fcssen genau so sein, wie Sie sie gekauft haben, und d\u00fcrfen nicht verwendet worden sein. Der Kunde ist verpflichtet, die Versandkosten (hin und zur\u00fcck) zu tragen.<\/p><p>Zu erw\u00e4hnen ist, dass es sich bei Rindsleder (und generell bei allen H\u00e4uten und Fellen) um ein Naturprodukt handelt. Bestimmte Flecken und kleinere M\u00e4ngel sind f\u00fcr ein Lederprodukt akzeptabel.<\/p>\t\t\t\t\t\t\t<\/div>\r\n\t\t\t\t\t\t\t\t\t\t<\/div>\n\t\t\t\t<\/div>\n\t\t\t\t\t<\/div>\n\t\t<\/div>\n\t\t\t\t\t<\/div><\/div>\r\n\t\t<\/section>\r\n\t\t\t\t<section class=\"elementor-section elementor-top-section elementor-element elementor-element-17393d8 elementor-section-boxed elementor-section-height-default elementor-section-height-default\" data-id=\"17393d8\" data-element_type=\"section\" data-e-type=\"section\">\r\n\t\t\t\t\t\t<div class=\"elementor-container elementor-column-gap-thegem\"><div class=\"elementor-row\">\r\n\t\t\t\t\t<div class=\"elementor-column elementor-col-100 elementor-top-column elementor-element elementor-element-7e2cfec\" data-id=\"7e2cfec\" data-element_type=\"column\" data-e-type=\"column\">\n\t\t\t<div class=\"elementor-widget-wrap\">\n\t\t\t\t\t\t\t<\/div>\n\t\t<\/div>\n\t\t\t\t\t<\/div><\/div>\r\n\t\t<\/section>\r\n\t\t\t\t<\/div>","protected":false},"excerpt":{"rendered":"<p>GARANTIE Sie haben eine Garantie auf alle bei uns gekauften Produkte. Die Garantie ist f\u00fcr 1 Jahr ab dem Kaufdatum g\u00fcltig.<\/p>","protected":false},"author":1,"featured_media":0,"parent":0,"menu_order":0,"comment_status":"closed","ping_status":"closed","template":"page-fullwidth.php","meta":{"footnotes":""},"class_list":["post-14806","page","type-page","status-publish"],"acf":[],"yoast_head":"<!-- This site is optimized with the Yoast SEO plugin v27.2 - https:\/\/yoast.com\/product\/yoast-seo-wordpress\/ -->\n<title>\u0395\u03b3\u03b3\u03c5\u03b7\u03c3\u03b7 - FUR HOME<\/title>\n<meta name=\"description\" content=\"\u0388\u03c7\u03b5\u03c4\u03b5 \u03b5\u03b3\u03b3\u03cd\u03b7\u03c3\u03b7 \u03b3\u03b9\u03b1 \u03cc\u03bb\u03b1 \u03c4\u03b1 \u03c0\u03c1\u03bf\u03ca\u03cc\u03bd\u03c4\u03b1 \u03c0\u03bf\u03c5 \u03b1\u03b3\u03bf\u03c1\u03ac\u03b6\u03b5\u03c4\u03b1\u03b9 \u03b1\u03c0\u03cc \u03b5\u03bc\u03ac\u03c2. \u0397 \u03b5\u03b3\u03b3\u03cd\u03b7\u03c3\u03b7 \u03b9\u03c3\u03c7\u03cd\u03b5\u03b9 \u03b3\u03b9\u03b1 1 \u03ad\u03c4\u03bf\u03c2 \u03b1\u03c0\u03cc \u03c4\u03b7\u03bd \u03b7\u03bc\u03b5\u03c1\u03bf\u03bc\u03b7\u03bd\u03af\u03b1 \u03c0\u03bf\u03c5 \u03bb\u03b1\u03bc\u03b2\u03ac\u03bd\u03b5\u03c4\u03b5 \u03c4\u03b1 \u03c0\u03c1\u03bf\u03ca\u03cc\u03bd\u03c4\u03b1 \u03c3\u03b1\u03c2.\" \/>\n<meta name=\"robots\" content=\"index, follow, max-snippet:-1, max-image-preview:large, max-video-preview:-1\" \/>\n<link rel=\"canonical\" href=\"https:\/\/www.furhome.gr\/de\/garantie\/\" \/>\n<meta property=\"og:locale\" content=\"de_DE\" \/>\n<meta property=\"og:type\" content=\"article\" \/>\n<meta property=\"og:title\" content=\"\u0395\u03b3\u03b3\u03c5\u03b7\u03c3\u03b7 - FUR HOME\" \/>\n<meta property=\"og:description\" content=\"\u0388\u03c7\u03b5\u03c4\u03b5 \u03b5\u03b3\u03b3\u03cd\u03b7\u03c3\u03b7 \u03b3\u03b9\u03b1 \u03cc\u03bb\u03b1 \u03c4\u03b1 \u03c0\u03c1\u03bf\u03ca\u03cc\u03bd\u03c4\u03b1 \u03c0\u03bf\u03c5 \u03b1\u03b3\u03bf\u03c1\u03ac\u03b6\u03b5\u03c4\u03b1\u03b9 \u03b1\u03c0\u03cc \u03b5\u03bc\u03ac\u03c2. \u0397 \u03b5\u03b3\u03b3\u03cd\u03b7\u03c3\u03b7 \u03b9\u03c3\u03c7\u03cd\u03b5\u03b9 \u03b3\u03b9\u03b1 1 \u03ad\u03c4\u03bf\u03c2 \u03b1\u03c0\u03cc \u03c4\u03b7\u03bd \u03b7\u03bc\u03b5\u03c1\u03bf\u03bc\u03b7\u03bd\u03af\u03b1 \u03c0\u03bf\u03c5 \u03bb\u03b1\u03bc\u03b2\u03ac\u03bd\u03b5\u03c4\u03b5 \u03c4\u03b1 \u03c0\u03c1\u03bf\u03ca\u03cc\u03bd\u03c4\u03b1 \u03c3\u03b1\u03c2.\" \/>\n<meta property=\"og:url\" content=\"https:\/\/www.furhome.gr\/de\/garantie\/\" \/>\n<meta property=\"og:site_name\" content=\"FUR HOME\" \/>\n<meta property=\"article:modified_time\" content=\"2023-06-28T11:55:38+00:00\" \/>\n<meta name=\"twitter:card\" content=\"summary_large_image\" \/>\n<meta name=\"twitter:label1\" content=\"Gesch\u00e4tzte Lesezeit\" \/>\n\t<meta name=\"twitter:data1\" content=\"2\u00a0Minuten\" \/>\n<script type=\"application\/ld+json\" class=\"yoast-schema-graph\">{\"@context\":\"https:\/\/schema.org\",\"@graph\":[{\"@type\":\"WebPage\",\"@id\":\"https:\/\/www.furhome.gr\/warranty\/\",\"url\":\"https:\/\/www.furhome.gr\/warranty\/\",\"name\":\"\u0395\u03b3\u03b3\u03c5\u03b7\u03c3\u03b7 - FUR HOME\",\"isPartOf\":{\"@id\":\"https:\/\/www.furhome.gr\/#website\"},\"datePublished\":\"2023-06-27T13:12:55+00:00\",\"dateModified\":\"2023-06-28T11:55:38+00:00\",\"description\":\"\u0388\u03c7\u03b5\u03c4\u03b5 \u03b5\u03b3\u03b3\u03cd\u03b7\u03c3\u03b7 \u03b3\u03b9\u03b1 \u03cc\u03bb\u03b1 \u03c4\u03b1 \u03c0\u03c1\u03bf\u03ca\u03cc\u03bd\u03c4\u03b1 \u03c0\u03bf\u03c5 \u03b1\u03b3\u03bf\u03c1\u03ac\u03b6\u03b5\u03c4\u03b1\u03b9 \u03b1\u03c0\u03cc \u03b5\u03bc\u03ac\u03c2. \u0397 \u03b5\u03b3\u03b3\u03cd\u03b7\u03c3\u03b7 \u03b9\u03c3\u03c7\u03cd\u03b5\u03b9 \u03b3\u03b9\u03b1 1 \u03ad\u03c4\u03bf\u03c2 \u03b1\u03c0\u03cc \u03c4\u03b7\u03bd \u03b7\u03bc\u03b5\u03c1\u03bf\u03bc\u03b7\u03bd\u03af\u03b1 \u03c0\u03bf\u03c5 \u03bb\u03b1\u03bc\u03b2\u03ac\u03bd\u03b5\u03c4\u03b5 \u03c4\u03b1 \u03c0\u03c1\u03bf\u03ca\u03cc\u03bd\u03c4\u03b1 \u03c3\u03b1\u03c2.\",\"breadcrumb\":{\"@id\":\"https:\/\/www.furhome.gr\/warranty\/#breadcrumb\"},\"inLanguage\":\"de\",\"potentialAction\":[{\"@type\":\"ReadAction\",\"target\":[\"https:\/\/www.furhome.gr\/warranty\/\"]}]},{\"@type\":\"BreadcrumbList\",\"@id\":\"https:\/\/www.furhome.gr\/warranty\/#breadcrumb\",\"itemListElement\":[{\"@type\":\"ListItem\",\"position\":1,\"name\":\"Home\",\"item\":\"https:\/\/www.furhome.gr\/\"},{\"@type\":\"ListItem\",\"position\":2,\"name\":\"\u0395\u03b3\u03b3\u03c5\u03b7\u03c3\u03b7\"}]},{\"@type\":\"WebSite\",\"@id\":\"https:\/\/www.furhome.gr\/#website\",\"url\":\"https:\/\/www.furhome.gr\/\",\"name\":\"FUR HOME\",\"description\":\"\u0391\u03b3\u03bf\u03c1\u03ac\u03c3\u03c4\u03b5 \u0394\u03b5\u03c1\u03bc\u03ac\u03c4\u03b9\u03bd\u03b1 &amp; \u0393\u03bf\u03cd\u03bd\u03b9\u03bd\u03b1 \u03c7\u03b1\u03bb\u03b9\u03ac \u03b1\u03c0\u03cc \u03c4\u03b7\u03bd \u039a\u03b1\u03c3\u03c4\u03bf\u03c1\u03b9\u03ac\",\"publisher\":{\"@id\":\"https:\/\/www.furhome.gr\/#organization\"},\"potentialAction\":[{\"@type\":\"SearchAction\",\"target\":{\"@type\":\"EntryPoint\",\"urlTemplate\":\"https:\/\/www.furhome.gr\/?s={search_term_string}\"},\"query-input\":{\"@type\":\"PropertyValueSpecification\",\"valueRequired\":true,\"valueName\":\"search_term_string\"}}],\"inLanguage\":\"de\"},{\"@type\":\"Organization\",\"@id\":\"https:\/\/www.furhome.gr\/#organization\",\"name\":\"FUR HOME\",\"url\":\"https:\/\/www.furhome.gr\/\",\"logo\":{\"@type\":\"ImageObject\",\"inLanguage\":\"de\",\"@id\":\"https:\/\/www.furhome.gr\/#\/schema\/logo\/image\/\",\"url\":\"https:\/\/www.furhome.gr\/wp-content\/uploads\/2023\/06\/furhome-logo.jpg\",\"contentUrl\":\"https:\/\/www.furhome.gr\/wp-content\/uploads\/2023\/06\/furhome-logo.jpg\",\"width\":286,\"height\":99,\"caption\":\"FUR HOME\"},\"image\":{\"@id\":\"https:\/\/www.furhome.gr\/#\/schema\/logo\/image\/\"}}]}<\/script>\n<!-- \/ Yoast SEO plugin. -->","yoast_head_json":{"title":"Garantie - FUR HOME","description":"Auf alle unsere Produkte gibt es eine Garantie. Die Garantie gilt f\u00fcr ein Jahr ab dem Datum, an dem Sie Ihr Produkt erhalten.","robots":{"index":"index","follow":"follow","max-snippet":"max-snippet:-1","max-image-preview":"max-image-preview:large","max-video-preview":"max-video-preview:-1"},"canonical":"https:\/\/www.furhome.gr\/de\/garantie\/","og_locale":"de_DE","og_type":"article","og_title":"\u0395\u03b3\u03b3\u03c5\u03b7\u03c3\u03b7 - FUR HOME","og_description":"\u0388\u03c7\u03b5\u03c4\u03b5 \u03b5\u03b3\u03b3\u03cd\u03b7\u03c3\u03b7 \u03b3\u03b9\u03b1 \u03cc\u03bb\u03b1 \u03c4\u03b1 \u03c0\u03c1\u03bf\u03ca\u03cc\u03bd\u03c4\u03b1 \u03c0\u03bf\u03c5 \u03b1\u03b3\u03bf\u03c1\u03ac\u03b6\u03b5\u03c4\u03b1\u03b9 \u03b1\u03c0\u03cc \u03b5\u03bc\u03ac\u03c2. \u0397 \u03b5\u03b3\u03b3\u03cd\u03b7\u03c3\u03b7 \u03b9\u03c3\u03c7\u03cd\u03b5\u03b9 \u03b3\u03b9\u03b1 1 \u03ad\u03c4\u03bf\u03c2 \u03b1\u03c0\u03cc \u03c4\u03b7\u03bd \u03b7\u03bc\u03b5\u03c1\u03bf\u03bc\u03b7\u03bd\u03af\u03b1 \u03c0\u03bf\u03c5 \u03bb\u03b1\u03bc\u03b2\u03ac\u03bd\u03b5\u03c4\u03b5 \u03c4\u03b1 \u03c0\u03c1\u03bf\u03ca\u03cc\u03bd\u03c4\u03b1 \u03c3\u03b1\u03c2.","og_url":"https:\/\/www.furhome.gr\/de\/garantie\/","og_site_name":"FUR HOME","article_modified_time":"2023-06-28T11:55:38+00:00","twitter_card":"summary_large_image","twitter_misc":{"Gesch\u00e4tzte Lesezeit":"2\u00a0Minuten"},"schema":{"@context":"https:\/\/schema.org","@graph":[{"@type":"WebPage","@id":"https:\/\/www.furhome.gr\/warranty\/","url":"https:\/\/www.furhome.gr\/warranty\/","name":"Garantie - FUR HOME","isPartOf":{"@id":"https:\/\/www.furhome.gr\/#website"},"datePublished":"2023-06-27T13:12:55+00:00","dateModified":"2023-06-28T11:55:38+00:00","description":"Auf alle unsere Produkte gibt es eine Garantie. Die Garantie gilt f\u00fcr ein Jahr ab dem Datum, an dem Sie Ihr Produkt erhalten.","breadcrumb":{"@id":"https:\/\/www.furhome.gr\/warranty\/#breadcrumb"},"inLanguage":"de","potentialAction":[{"@type":"ReadAction","target":["https:\/\/www.furhome.gr\/warranty\/"]}]},{"@type":"BreadcrumbList","@id":"https:\/\/www.furhome.gr\/warranty\/#breadcrumb","itemListElement":[{"@type":"ListItem","position":1,"name":"Home","item":"https:\/\/www.furhome.gr\/"},{"@type":"ListItem","position":2,"name":"\u0395\u03b3\u03b3\u03c5\u03b7\u03c3\u03b7"}]},{"@type":"WebSite","@id":"https:\/\/www.furhome.gr\/#website","url":"https:\/\/www.furhome.gr\/","name":"FUR HOME","description":"Leder- und Pelzteppiche von Kastoria kaufen","publisher":{"@id":"https:\/\/www.furhome.gr\/#organization"},"potentialAction":[{"@type":"SearchAction","target":{"@type":"EntryPoint","urlTemplate":"https:\/\/www.furhome.gr\/?s={search_term_string}"},"query-input":{"@type":"PropertyValueSpecification","valueRequired":true,"valueName":"search_term_string"}}],"inLanguage":"de"},{"@type":"Organization","@id":"https:\/\/www.furhome.gr\/#organization","name":"FUR HOME","url":"https:\/\/www.furhome.gr\/","logo":{"@type":"ImageObject","inLanguage":"de","@id":"https:\/\/www.furhome.gr\/#\/schema\/logo\/image\/","url":"https:\/\/www.furhome.gr\/wp-content\/uploads\/2023\/06\/furhome-logo.jpg","contentUrl":"https:\/\/www.furhome.gr\/wp-content\/uploads\/2023\/06\/furhome-logo.jpg","width":286,"height":99,"caption":"FUR HOME"},"image":{"@id":"https:\/\/www.furhome.gr\/#\/schema\/logo\/image\/"}}]}},"_links":{"self":[{"href":"https:\/\/www.furhome.gr\/de\/wp-json\/wp\/v2\/pages\/14806","targetHints":{"allow":["GET"]}}],"collection":[{"href":"https:\/\/www.furhome.gr\/de\/wp-json\/wp\/v2\/pages"}],"about":[{"href":"https:\/\/www.furhome.gr\/de\/wp-json\/wp\/v2\/types\/page"}],"author":[{"embeddable":true,"href":"https:\/\/www.furhome.gr\/de\/wp-json\/wp\/v2\/users\/1"}],"replies":[{"embeddable":true,"href":"https:\/\/www.furhome.gr\/de\/wp-json\/wp\/v2\/comments?post=14806"}],"version-history":[{"count":0,"href":"https:\/\/www.furhome.gr\/de\/wp-json\/wp\/v2\/pages\/14806\/revisions"}],"wp:attachment":[{"href":"https:\/\/www.furhome.gr\/de\/wp-json\/wp\/v2\/media?parent=14806"}],"curies":[{"name":"wp","href":"https:\/\/api.w.org\/{rel}","templated":true}]}}