{"id":14928,"date":"2023-06-28T12:01:42","date_gmt":"2023-06-28T12:01:42","guid":{"rendered":"https:\/\/fur.furhome.gr\/?page_id=14928"},"modified":"2023-06-28T12:12:24","modified_gmt":"2023-06-28T12:12:24","slug":"terms-and-conditions-of-use","status":"publish","type":"page","link":"https:\/\/www.furhome.gr\/de\/terms-and-conditions-of-use\/","title":{"rendered":"Nutzungsbedingungen"},"content":{"rendered":"<div data-elementor-type=\"wp-page\" data-elementor-id=\"14928\" class=\"elementor elementor-14928\" data-elementor-post-type=\"page\">\n\t\t\t\t\t\t<section class=\"elementor-section elementor-top-section elementor-element elementor-element-f008da2 elementor-section-boxed elementor-section-height-default elementor-section-height-default\" data-id=\"f008da2\" data-element_type=\"section\" data-e-type=\"section\">\r\n\t\t\t\t\t\t<div class=\"elementor-container elementor-column-gap-thegem\"><div class=\"elementor-row\">\r\n\t\t\t\t\t<div class=\"elementor-column elementor-col-100 elementor-top-column elementor-element elementor-element-9eb772f\" data-id=\"9eb772f\" data-element_type=\"column\" data-e-type=\"column\">\n\t\t\t<div class=\"elementor-widget-wrap elementor-element-populated\">\n\t\t\t\t\t\t<div class=\"elementor-element elementor-element-5377056 flex-horizontal-align-default flex-horizontal-align-tablet-default flex-horizontal-align-mobile-default flex-vertical-align-default flex-vertical-align-tablet-default flex-vertical-align-mobile-default elementor-widget elementor-widget-heading\" data-id=\"5377056\" data-element_type=\"widget\" data-e-type=\"widget\" data-widget_type=\"heading.default\">\n\t\t\t\t<div class=\"elementor-widget-container\">\n\t\t\t\t\t<h2 class=\"elementor-heading-title elementor-size-default\">Terms &amp; amp; Bedingungen\n<\/h2>\t\t\t\t<\/div>\n\t\t\t\t<\/div>\n\t\t\t\t<div class=\"elementor-element elementor-element-db5a91c flex-horizontal-align-default flex-horizontal-align-tablet-default flex-horizontal-align-mobile-default flex-vertical-align-default flex-vertical-align-tablet-default flex-vertical-align-mobile-default elementor-widget elementor-widget-text-editor\" data-id=\"db5a91c\" data-element_type=\"widget\" data-e-type=\"widget\" data-widget_type=\"text-editor.default\">\n\t\t\t\t<div class=\"elementor-widget-container\">\n\t\t\t\t\t\t\t\t\t\t\t\t<div class=\"elementor-text-editor elementor-clearfix\">\r\n\t\t\t\t\t\t<p>FUR HOME, eine einzigartige Online-Shop, wo man Leder, Pelz Teppiche und vieles mehr on-line kaufen konnen. Kreationen aus nat\u00fcrlichen Materialien, die perfekt mit W\u00e4rme und Stil ihr raum harmonisieren. Fur Home in Zusammenarbeit mit f\u00fchrenden Dekoratore kann ihnen Original-L\u00f6sungen, die die neuesten Trends in der Dekoration integrieren vorzuschlagen. Hier finden sie Leder und Pelz Teppiche, Decken und Kissen und gro\u00dfe Auswahl in Pelze und nur von hochwertige skins in viele farben,die mit hochwertigen Stoffen in Verbindung gebracht. Sammlung, die die sch\u00f6nsten und klassische H\u00e4user, B\u00fcros, Gesch\u00e4fte und Hotels auf der ganzen Welt schm\u00fcckt k\u00f6nnen Sie f\u00fcllen mit Teppiche, Puffs &amp; St\u00fchle, Investition bar - Wand, manchmal minimal und manchmal in luxuri\u00f6sen Design.<\/p>\t\t\t\t\t\t\t<\/div>\r\n\t\t\t\t\t\t\t\t\t\t<\/div>\n\t\t\t\t<\/div>\n\t\t\t\t<div class=\"elementor-element elementor-element-d28c88e flex-horizontal-align-default flex-horizontal-align-tablet-default flex-horizontal-align-mobile-default flex-vertical-align-default flex-vertical-align-tablet-default flex-vertical-align-mobile-default elementor-widget elementor-widget-heading\" data-id=\"d28c88e\" data-element_type=\"widget\" data-e-type=\"widget\" data-widget_type=\"heading.default\">\n\t\t\t\t<div class=\"elementor-widget-container\">\n\t\t\t\t\t<h3 class=\"elementor-heading-title elementor-size-default\">Allgemeine Fragen<\/h3>\t\t\t\t<\/div>\n\t\t\t\t<\/div>\n\t\t\t\t<div class=\"elementor-element elementor-element-7e63210 flex-horizontal-align-default flex-horizontal-align-tablet-default flex-horizontal-align-mobile-default flex-vertical-align-default flex-vertical-align-tablet-default flex-vertical-align-mobile-default elementor-widget elementor-widget-text-editor\" data-id=\"7e63210\" data-element_type=\"widget\" data-e-type=\"widget\" data-widget_type=\"text-editor.default\">\n\t\t\t\t<div class=\"elementor-widget-container\">\n\t\t\t\t\t\t\t\t\t\t\t\t<div class=\"elementor-text-editor elementor-clearfix\">\r\n\t\t\t\t\t\t<p>F \u2013 Sind Sie Fabrikbesitzer oder Wiederverk\u00e4ufer von Produkten?<br \/>A \u2013 Wir sind Fabrikbesitzer und stellen ausschlie\u00dflich alle in diesem Shop erh\u00e4ltlichen Produkte her. Wir kaufen die Felle (H\u00e4ute) ein, verarbeiten diese in unserer eigenen Fabrik und liefern die Endprodukte an unsere Werkstatt.<br \/><br \/>F \u2013 Verkaufen Sie ma\u00dfgeschneiderte Patchwork-Teppiche und Pelzprodukte aus Rindsleder?<br \/>A \u2013 Ja, wir k\u00f6nnen jedes Produkt in unserem Shop in jeder gew\u00fcnschten Form, Gr\u00f6\u00dfe oder Kombination anpassen. Bitte bedenken Sie, dass Rindsleder- und Pelzteppiche einzigartig sind (da sich die Natur nicht wiederholt) und das Endprodukt jeder Individualisierung Ihrer urspr\u00fcnglichen Wahl sehr \u00e4hnlich sein wird.<br \/><br \/>F \u2013 Wie kann ich eine Bestellung aufgeben?<br \/>A \u2013 Sie k\u00f6nnen damit beginnen, den Produktkatalog zu durchsuchen, die Produkte auszuw\u00e4hlen, die Sie kaufen m\u00f6chten, und sie in Ihren Warenkorb zu legen. Wenn Sie fertig sind, klicken Sie einfach auf die Schaltfl\u00e4che \u201eZur Kasse gehen\u201c und folgen Sie den Anweisungen auf dem Bildschirm. Geben Sie Ihren Namen, Ihre Adresse, Ihre Telefonnummer und Ihre E-Mail-Adresse ein. Melden Sie sich auf der PayPal-Zahlungsseite entweder bei Ihrem bestehenden PayPal-Konto an oder geben Sie einfach Ihre Kreditkartendaten ein (Sie m\u00fcssen kein Konto erstellen). Die Seite ist zahlungsgesichert.<br \/><br \/>F \u2013 Welche W\u00e4hrung wird auf dieser Website verwendet?<br \/>A \u2013 Da wir ein Familienunternehmen sind, das bereits in der dritten Generation Erfahrung in der Pelz- und Lederherstellung hat, versuchen wir stets, direkt an Einzelhandelskunden zu verkaufen.<br \/><br \/>F \u2013 Arbeiten Sie mit bekannten Designern zusammen?<br \/>A \u2013 Ja, die Zusammenarbeit bekannter griechischer und italienischer Designer garantiert eine kontinuierliche Aktualisierung von Trends und Stilen und erf\u00fcllt die modernen Anforderungen an Dekoration und Wohnstil.<br \/><br \/>F \u2013 Verkaufen (exportieren) Sie Ihre Produkte im Gro\u00dfhandel an andere Unternehmen?<br \/>A \u2013 Ja, unsere Hauptproduktion wird haupts\u00e4chlich auf den europ\u00e4ischen und amerikanischen Kontinent exportiert, wo wir seit vielen Jahren einen stabilen Kundenstamm haben.<br \/><br \/>F \u2013 Arbeiten Sie im Rahmen des White-Label-Systems?<br \/>A \u2013 Ja, wir stellen seit Jahren viele White-Label-Produkte her, die auf dem internationalen Markt verkauft werden.<\/p>\t\t\t\t\t\t\t<\/div>\r\n\t\t\t\t\t\t\t\t\t\t<\/div>\n\t\t\t\t<\/div>\n\t\t\t\t\t<\/div>\n\t\t<\/div>\n\t\t\t\t\t<\/div><\/div>\r\n\t\t<\/section>\r\n\t\t\t\t<\/div>","protected":false},"excerpt":{"rendered":"<p>ALLGEMEINE GESCH\u00c4FTSBEDINGUNGEN Fur Home, ein einzigartiger Online-Shop, in dem Sie Ihre Online-Eink\u00e4ufe f\u00fcr Leder und Pelze t\u00e4tigen k\u00f6nnen...<\/p>","protected":false},"author":1,"featured_media":0,"parent":0,"menu_order":0,"comment_status":"closed","ping_status":"closed","template":"page-fullwidth.php","meta":{"footnotes":""},"class_list":["post-14928","page","type-page","status-publish"],"acf":[],"yoast_head":"<!-- This site is optimized with the Yoast SEO plugin v27.2 - https:\/\/yoast.com\/product\/yoast-seo-wordpress\/ -->\n<title>\u039f\u03c1\u03bf\u03b9 \u03a7\u03c1\u03b7\u03c3\u03b7\u03c2 - FUR HOME<\/title>\n<meta name=\"description\" content=\"\u039f\u03b9 \u03b1\u03ba\u03cc\u03bb\u03bf\u03c5\u03b8\u03bf\u03b9 \u03b3\u03b5\u03bd\u03b9\u03ba\u03bf\u03af \u03cc\u03c1\u03bf\u03b9 \u03c3\u03c5\u03bd\u03b1\u03bb\u03bb\u03b1\u03b3\u03ce\u03bd \u03c1\u03c5\u03b8\u03bc\u03af\u03b6\u03bf\u03c5\u03bd \u03c4\u03b7\u03bd \u03c0\u03ce\u03bb\u03b7\u03c3\u03b7 \u03c4\u03c9\u03bd \u03c0\u03c1\u03bf\u03ca\u03cc\u03bd\u03c4\u03c9\u03bd \u03c0\u03bf\u03c5 \u03b4\u03b9\u03b1\u03bd\u03ad\u03bc\u03bf\u03bd\u03c4\u03b1\u03b9 \u03b1\u03c0\u03cc \u03c4\u03b7\u03bd FUR HOME \u03bc\u03b5 \u03ba\u03b1\u03c4\u03b1\u03c7\u03c9\u03c1\u03b7\u03bc\u03ad\u03bd\u03b7 \u03ad\u03b4\u03c1\u03b1 \u03c3\u03c4\u03b7\u03bd \u039a\u03b1\u03c3\u03c4\u03bf\u03c1\u03b9\u03ac.\" \/>\n<meta name=\"robots\" content=\"index, follow, max-snippet:-1, max-image-preview:large, max-video-preview:-1\" \/>\n<link rel=\"canonical\" href=\"https:\/\/www.furhome.gr\/de\/terms-and-conditions-of-use\/\" \/>\n<meta property=\"og:locale\" content=\"de_DE\" \/>\n<meta property=\"og:type\" content=\"article\" \/>\n<meta property=\"og:title\" content=\"\u039f\u03c1\u03bf\u03b9 \u03a7\u03c1\u03b7\u03c3\u03b7\u03c2 - FUR HOME\" \/>\n<meta property=\"og:description\" content=\"\u039f\u03b9 \u03b1\u03ba\u03cc\u03bb\u03bf\u03c5\u03b8\u03bf\u03b9 \u03b3\u03b5\u03bd\u03b9\u03ba\u03bf\u03af \u03cc\u03c1\u03bf\u03b9 \u03c3\u03c5\u03bd\u03b1\u03bb\u03bb\u03b1\u03b3\u03ce\u03bd \u03c1\u03c5\u03b8\u03bc\u03af\u03b6\u03bf\u03c5\u03bd \u03c4\u03b7\u03bd \u03c0\u03ce\u03bb\u03b7\u03c3\u03b7 \u03c4\u03c9\u03bd \u03c0\u03c1\u03bf\u03ca\u03cc\u03bd\u03c4\u03c9\u03bd \u03c0\u03bf\u03c5 \u03b4\u03b9\u03b1\u03bd\u03ad\u03bc\u03bf\u03bd\u03c4\u03b1\u03b9 \u03b1\u03c0\u03cc \u03c4\u03b7\u03bd FUR HOME \u03bc\u03b5 \u03ba\u03b1\u03c4\u03b1\u03c7\u03c9\u03c1\u03b7\u03bc\u03ad\u03bd\u03b7 \u03ad\u03b4\u03c1\u03b1 \u03c3\u03c4\u03b7\u03bd \u039a\u03b1\u03c3\u03c4\u03bf\u03c1\u03b9\u03ac.\" \/>\n<meta property=\"og:url\" content=\"https:\/\/www.furhome.gr\/de\/terms-and-conditions-of-use\/\" \/>\n<meta property=\"og:site_name\" content=\"FUR HOME\" \/>\n<meta property=\"article:modified_time\" content=\"2023-06-28T12:12:24+00:00\" \/>\n<meta name=\"twitter:card\" content=\"summary_large_image\" \/>\n<meta name=\"twitter:label1\" content=\"Gesch\u00e4tzte Lesezeit\" \/>\n\t<meta name=\"twitter:data1\" content=\"2\u00a0Minuten\" \/>\n<script type=\"application\/ld+json\" class=\"yoast-schema-graph\">{\"@context\":\"https:\/\/schema.org\",\"@graph\":[{\"@type\":\"WebPage\",\"@id\":\"https:\/\/www.furhome.gr\/terms-and-conditions-of-use\/\",\"url\":\"https:\/\/www.furhome.gr\/terms-and-conditions-of-use\/\",\"name\":\"\u039f\u03c1\u03bf\u03b9 \u03a7\u03c1\u03b7\u03c3\u03b7\u03c2 - FUR HOME\",\"isPartOf\":{\"@id\":\"https:\/\/www.furhome.gr\/#website\"},\"datePublished\":\"2023-06-28T12:01:42+00:00\",\"dateModified\":\"2023-06-28T12:12:24+00:00\",\"description\":\"\u039f\u03b9 \u03b1\u03ba\u03cc\u03bb\u03bf\u03c5\u03b8\u03bf\u03b9 \u03b3\u03b5\u03bd\u03b9\u03ba\u03bf\u03af \u03cc\u03c1\u03bf\u03b9 \u03c3\u03c5\u03bd\u03b1\u03bb\u03bb\u03b1\u03b3\u03ce\u03bd \u03c1\u03c5\u03b8\u03bc\u03af\u03b6\u03bf\u03c5\u03bd \u03c4\u03b7\u03bd \u03c0\u03ce\u03bb\u03b7\u03c3\u03b7 \u03c4\u03c9\u03bd \u03c0\u03c1\u03bf\u03ca\u03cc\u03bd\u03c4\u03c9\u03bd \u03c0\u03bf\u03c5 \u03b4\u03b9\u03b1\u03bd\u03ad\u03bc\u03bf\u03bd\u03c4\u03b1\u03b9 \u03b1\u03c0\u03cc \u03c4\u03b7\u03bd FUR HOME \u03bc\u03b5 \u03ba\u03b1\u03c4\u03b1\u03c7\u03c9\u03c1\u03b7\u03bc\u03ad\u03bd\u03b7 \u03ad\u03b4\u03c1\u03b1 \u03c3\u03c4\u03b7\u03bd \u039a\u03b1\u03c3\u03c4\u03bf\u03c1\u03b9\u03ac.\",\"breadcrumb\":{\"@id\":\"https:\/\/www.furhome.gr\/terms-and-conditions-of-use\/#breadcrumb\"},\"inLanguage\":\"de\",\"potentialAction\":[{\"@type\":\"ReadAction\",\"target\":[\"https:\/\/www.furhome.gr\/terms-and-conditions-of-use\/\"]}]},{\"@type\":\"BreadcrumbList\",\"@id\":\"https:\/\/www.furhome.gr\/terms-and-conditions-of-use\/#breadcrumb\",\"itemListElement\":[{\"@type\":\"ListItem\",\"position\":1,\"name\":\"Home\",\"item\":\"https:\/\/www.furhome.gr\/\"},{\"@type\":\"ListItem\",\"position\":2,\"name\":\"\u039f\u03c1\u03bf\u03b9 \u03a7\u03c1\u03b7\u03c3\u03b7\u03c2\"}]},{\"@type\":\"WebSite\",\"@id\":\"https:\/\/www.furhome.gr\/#website\",\"url\":\"https:\/\/www.furhome.gr\/\",\"name\":\"FUR HOME\",\"description\":\"\u0391\u03b3\u03bf\u03c1\u03ac\u03c3\u03c4\u03b5 \u0394\u03b5\u03c1\u03bc\u03ac\u03c4\u03b9\u03bd\u03b1 &amp; \u0393\u03bf\u03cd\u03bd\u03b9\u03bd\u03b1 \u03c7\u03b1\u03bb\u03b9\u03ac \u03b1\u03c0\u03cc \u03c4\u03b7\u03bd \u039a\u03b1\u03c3\u03c4\u03bf\u03c1\u03b9\u03ac\",\"publisher\":{\"@id\":\"https:\/\/www.furhome.gr\/#organization\"},\"potentialAction\":[{\"@type\":\"SearchAction\",\"target\":{\"@type\":\"EntryPoint\",\"urlTemplate\":\"https:\/\/www.furhome.gr\/?s={search_term_string}\"},\"query-input\":{\"@type\":\"PropertyValueSpecification\",\"valueRequired\":true,\"valueName\":\"search_term_string\"}}],\"inLanguage\":\"de\"},{\"@type\":\"Organization\",\"@id\":\"https:\/\/www.furhome.gr\/#organization\",\"name\":\"FUR HOME\",\"url\":\"https:\/\/www.furhome.gr\/\",\"logo\":{\"@type\":\"ImageObject\",\"inLanguage\":\"de\",\"@id\":\"https:\/\/www.furhome.gr\/#\/schema\/logo\/image\/\",\"url\":\"https:\/\/www.furhome.gr\/wp-content\/uploads\/2023\/06\/furhome-logo.jpg\",\"contentUrl\":\"https:\/\/www.furhome.gr\/wp-content\/uploads\/2023\/06\/furhome-logo.jpg\",\"width\":286,\"height\":99,\"caption\":\"FUR HOME\"},\"image\":{\"@id\":\"https:\/\/www.furhome.gr\/#\/schema\/logo\/image\/\"}}]}<\/script>\n<!-- \/ Yoast SEO plugin. -->","yoast_head_json":{"title":"Gesch\u00e4ftsbedingungen","description":"Ich bin nicht in der Lage, mein Kind zu ern\u00e4hren Sie k\u00f6nnen Ihr FUR HOME-Ger\u00e4t mit einem Klick auf den Bildschirm \u00f6ffnen.","robots":{"index":"index","follow":"follow","max-snippet":"max-snippet:-1","max-image-preview":"max-image-preview:large","max-video-preview":"max-video-preview:-1"},"canonical":"https:\/\/www.furhome.gr\/de\/terms-and-conditions-of-use\/","og_locale":"de_DE","og_type":"article","og_title":"\u039f\u03c1\u03bf\u03b9 \u03a7\u03c1\u03b7\u03c3\u03b7\u03c2 - FUR HOME","og_description":"\u039f\u03b9 \u03b1\u03ba\u03cc\u03bb\u03bf\u03c5\u03b8\u03bf\u03b9 \u03b3\u03b5\u03bd\u03b9\u03ba\u03bf\u03af \u03cc\u03c1\u03bf\u03b9 \u03c3\u03c5\u03bd\u03b1\u03bb\u03bb\u03b1\u03b3\u03ce\u03bd \u03c1\u03c5\u03b8\u03bc\u03af\u03b6\u03bf\u03c5\u03bd \u03c4\u03b7\u03bd \u03c0\u03ce\u03bb\u03b7\u03c3\u03b7 \u03c4\u03c9\u03bd \u03c0\u03c1\u03bf\u03ca\u03cc\u03bd\u03c4\u03c9\u03bd \u03c0\u03bf\u03c5 \u03b4\u03b9\u03b1\u03bd\u03ad\u03bc\u03bf\u03bd\u03c4\u03b1\u03b9 \u03b1\u03c0\u03cc \u03c4\u03b7\u03bd FUR HOME \u03bc\u03b5 \u03ba\u03b1\u03c4\u03b1\u03c7\u03c9\u03c1\u03b7\u03bc\u03ad\u03bd\u03b7 \u03ad\u03b4\u03c1\u03b1 \u03c3\u03c4\u03b7\u03bd \u039a\u03b1\u03c3\u03c4\u03bf\u03c1\u03b9\u03ac.","og_url":"https:\/\/www.furhome.gr\/de\/terms-and-conditions-of-use\/","og_site_name":"FUR HOME","article_modified_time":"2023-06-28T12:12:24+00:00","twitter_card":"summary_large_image","twitter_misc":{"Gesch\u00e4tzte Lesezeit":"2\u00a0Minuten"},"schema":{"@context":"https:\/\/schema.org","@graph":[{"@type":"WebPage","@id":"https:\/\/www.furhome.gr\/terms-and-conditions-of-use\/","url":"https:\/\/www.furhome.gr\/terms-and-conditions-of-use\/","name":"Gesch\u00e4ftsbedingungen","isPartOf":{"@id":"https:\/\/www.furhome.gr\/#website"},"datePublished":"2023-06-28T12:01:42+00:00","dateModified":"2023-06-28T12:12:24+00:00","description":"Ich bin nicht in der Lage, mein Kind zu ern\u00e4hren Sie k\u00f6nnen Ihr FUR HOME-Ger\u00e4t mit einem Klick auf den Bildschirm \u00f6ffnen.","breadcrumb":{"@id":"https:\/\/www.furhome.gr\/terms-and-conditions-of-use\/#breadcrumb"},"inLanguage":"de","potentialAction":[{"@type":"ReadAction","target":["https:\/\/www.furhome.gr\/terms-and-conditions-of-use\/"]}]},{"@type":"BreadcrumbList","@id":"https:\/\/www.furhome.gr\/terms-and-conditions-of-use\/#breadcrumb","itemListElement":[{"@type":"ListItem","position":1,"name":"Home","item":"https:\/\/www.furhome.gr\/"},{"@type":"ListItem","position":2,"name":"\u039f\u03c1\u03bf\u03b9 \u03a7\u03c1\u03b7\u03c3\u03b7\u03c2"}]},{"@type":"WebSite","@id":"https:\/\/www.furhome.gr\/#website","url":"https:\/\/www.furhome.gr\/","name":"FUR HOME","description":"Leder- und Pelzteppiche von Kastoria kaufen","publisher":{"@id":"https:\/\/www.furhome.gr\/#organization"},"potentialAction":[{"@type":"SearchAction","target":{"@type":"EntryPoint","urlTemplate":"https:\/\/www.furhome.gr\/?s={search_term_string}"},"query-input":{"@type":"PropertyValueSpecification","valueRequired":true,"valueName":"search_term_string"}}],"inLanguage":"de"},{"@type":"Organization","@id":"https:\/\/www.furhome.gr\/#organization","name":"FUR HOME","url":"https:\/\/www.furhome.gr\/","logo":{"@type":"ImageObject","inLanguage":"de","@id":"https:\/\/www.furhome.gr\/#\/schema\/logo\/image\/","url":"https:\/\/www.furhome.gr\/wp-content\/uploads\/2023\/06\/furhome-logo.jpg","contentUrl":"https:\/\/www.furhome.gr\/wp-content\/uploads\/2023\/06\/furhome-logo.jpg","width":286,"height":99,"caption":"FUR HOME"},"image":{"@id":"https:\/\/www.furhome.gr\/#\/schema\/logo\/image\/"}}]}},"_links":{"self":[{"href":"https:\/\/www.furhome.gr\/de\/wp-json\/wp\/v2\/pages\/14928","targetHints":{"allow":["GET"]}}],"collection":[{"href":"https:\/\/www.furhome.gr\/de\/wp-json\/wp\/v2\/pages"}],"about":[{"href":"https:\/\/www.furhome.gr\/de\/wp-json\/wp\/v2\/types\/page"}],"author":[{"embeddable":true,"href":"https:\/\/www.furhome.gr\/de\/wp-json\/wp\/v2\/users\/1"}],"replies":[{"embeddable":true,"href":"https:\/\/www.furhome.gr\/de\/wp-json\/wp\/v2\/comments?post=14928"}],"version-history":[{"count":0,"href":"https:\/\/www.furhome.gr\/de\/wp-json\/wp\/v2\/pages\/14928\/revisions"}],"wp:attachment":[{"href":"https:\/\/www.furhome.gr\/de\/wp-json\/wp\/v2\/media?parent=14928"}],"curies":[{"name":"wp","href":"https:\/\/api.w.org\/{rel}","templated":true}]}}